{"id":2441,"date":"2023-07-27T14:24:48","date_gmt":"2023-07-27T12:24:48","guid":{"rendered":"https:\/\/kanasaka-maps.net\/shop\/sin%20categor\u00eda\/mapa-topografico-y-guia-de-senderismo-isla-navarino-papel-formato-pdf\/"},"modified":"2024-04-13T19:05:32","modified_gmt":"2024-04-13T17:05:32","slug":"mapa-topografico-y-guia-de-senderismo-isla-navarino-papel-formato-pdf","status":"publish","type":"product","link":"https:\/\/kanasaka-maps.net\/es\/boutique\/mapa-topografico-y-guia-de-senderismo-isla-navarino-papel-formato-pdf\/","title":{"rendered":"Mapa topogr\u00e1fico y gu\u00eda de senderismo | Isla Navarino | Papel + formato PDF"},"content":{"rendered":"<p><br data-mce-bogus=\"1\"><\/p>\n","protected":false},"excerpt":{"rendered":"<h4>Este pack incluye :<\/h4>\n<ul>\n<li>La versi\u00f3n en papel del mapa (gastos de env\u00edo no incluidos)<\/li>\n<li>La versi\u00f3n digital del mapa (PDF de alta definici\u00f3n)<\/li>\n<li>Rutas GPS de los paseos (formato GPX)<\/li>\n<\/ul>\n<hr>\n<h4>Informaci\u00f3n t\u00e9cnica<\/h4>\n<ul>\n<li>Mapa en color de papel resistente al agua y a la rotura (papel de piedra)<\/li>\n<li>Formato 50,4 \u00d7 71,41 cm &#8211; recto\/verso<\/li>\n<li>Idioma espa\u00f1ol<\/li>\n<li>8 rutas a pie<\/li>\n<li>Escala 1:25000 y 1:18000<\/li>\n<li>Acceso gratuito a los tracks GPX<\/li>\n<li>Curvas de nivel de 10 m<\/li>\n<li>Pesca \/ Camping \/ Refugio<\/li>\n<\/ul>\n<hr>\n<h4>Senderismo<\/h4>\n<ul>\n<li><a title=\"Dientes de Navarino\" href=\"http:\/\/localhost:8888\/kanasaka\/randonnees\/dientes-de-navarino\/\" rel=\"bookmark\" data-mce-href=\"http:\/\/localhost:8888\/kanasaka\/randonnees\/dientes-de-navarino\/\">Dientes de Navarino<\/a><br data-mce-bogus=\"1\"><\/li>\n<li><a title=\"Lago Windhond\" href=\"http:\/\/localhost:8888\/kanasaka\/randonnees\/lago-windhond\/\" rel=\"bookmark\" data-mce-href=\"http:\/\/localhost:8888\/kanasaka\/randonnees\/lago-windhond\/\">Lago Windhond<\/a><br data-mce-bogus=\"1\"><\/li>\n<li><a title=\"Cumbre bandera\" href=\"http:\/\/localhost:8888\/kanasaka\/randonnees\/cumbre-bandera\/\" rel=\"bookmark\" data-mce-href=\"http:\/\/localhost:8888\/kanasaka\/randonnees\/cumbre-bandera\/\">Cumbre bandera<\/a><br data-mce-bogus=\"1\"><\/li>\n<li><a title=\"Laguna Maku\" href=\"http:\/\/localhost:8888\/kanasaka\/randonnees\/laguna-maku\/\" rel=\"bookmark\" data-mce-href=\"http:\/\/localhost:8888\/kanasaka\/randonnees\/laguna-maku\/\">Laguna Maku<\/a><br data-mce-bogus=\"1\"><\/li>\n<li><a title=\"Laguna Alinghi\" href=\"http:\/\/localhost:8888\/kanasaka\/randonnees\/laguna-alinghi\/\" rel=\"bookmark\" data-mce-href=\"http:\/\/localhost:8888\/kanasaka\/randonnees\/laguna-alinghi\/\">Laguna Alinghi<\/a><br data-mce-bogus=\"1\"><\/li>\n<li><a title=\"La castorea\" href=\"http:\/\/localhost:8888\/kanasaka\/randonnees\/la-castorea\/\" rel=\"bookmark\" data-mce-href=\"http:\/\/localhost:8888\/kanasaka\/randonnees\/la-castorea\/\">La castorea<\/a><br data-mce-bogus=\"1\"><\/li>\n<li><a title=\"Promenade de la c\u00f4te\" href=\"http:\/\/localhost:8888\/kanasaka\/randonnees\/promenade-de-la-cote\/\" rel=\"bookmark\" data-mce-href=\"http:\/\/localhost:8888\/kanasaka\/randonnees\/promenade-de-la-cote\/\">Promenade de la c\u00f4te<\/a><br data-mce-bogus=\"1\"><\/li>\n<li><a title=\"Cerro Carancho\" href=\"http:\/\/localhost:8888\/kanasaka\/randonnees\/cerro-carancho\/\" rel=\"bookmark\" data-mce-href=\"http:\/\/localhost:8888\/kanasaka\/randonnees\/cerro-carancho\/\">Cerro Carancho<\/a><br data-mce-bogus=\"1\"><\/li>\n<\/ul>\n<hr>\n<h4>Idioma<\/h4>\n<ul>\n<li>Espagnol<\/li>\n<\/ul>\n<hr>\n<h4><strong>Especificaciones<\/strong><\/h4>\n<ul>\n<li>Versi\u00f3n 2<\/li>\n<li>Fecha del mapa: Enero 2023<\/li>\n<li>Proyecci\u00f3n Pseudo Mercator \/ WGS 84<\/li>\n<li>Mapa base: OpenStreetMap.org<\/li>\n<li>Contornos y sombreado: OpenSnowMap.org<\/li>\n<li>Informaci\u00f3n del terreno: im\u00e1genes a\u00e9reas y de sat\u00e9lite de NASA\/CNES\/Airbus<\/li>\n<\/ul>\n<hr>\n<h4>Las tarjetas en papel pueden enviarse a estos pa\u00edses<\/h4>\n<p class=\"specs\">Alemania, Austria, B\u00e9lgica, Bulgaria, Chipre, Croacia, Dinamarca, Eslovaquia, Eslovenia, Espa\u00f1a, Estonia, Finlandia, Francia, Grecia, Hungr\u00eda, Irlanda, Italia, Letonia, Lituania, Luxemburgo, Malta, Pa\u00edses Bajos, Polonia, Portugal, Rep\u00fablica Checa, Ruman\u00eda y Suecia.<\/p>\n<p>\u00bfNo es usted uno de esos pa\u00edses?<br \/><a href=\"https:\/\/kanasaka-maps.net\/es\/tienda\/mapa\/mapa-topografico-y-rutas-de-senderismo-1\/\" data-mce-href=\"https:\/\/kanasaka-maps.net\/es\/tienda\/mapa\/mapa-topografico-y-rutas-de-senderismo-1\/\">Puede adquirir una versi\u00f3n PDF del mapa<\/a><br data-mce-bogus=\"1\"><\/p>\n<p><\/p>\n","protected":false},"featured_media":1102,"template":"","meta":{"_acf_changed":false},"product_cat":[40],"product_tag":[],"class_list":{"0":"post-2441","1":"product","2":"type-product","3":"status-publish","4":"has-post-thumbnail","6":"product_cat-mapa","7":"product_shipping_class-europe-es","9":"first","10":"outofstock","11":"downloadable","12":"shipping-taxable","13":"purchasable","14":"product-type-simple"},"acf":[],"yoast_head":"<!-- This site is optimized with the Yoast SEO plugin v23.9 - https:\/\/yoast.com\/wordpress\/plugins\/seo\/ -->\n<title>Mapa topogr\u00e1fico y gu\u00eda de senderismo | Isla Navarino | Papel + formato PDF - Kanasaka Maps | Isla Navarino - Chili<\/title>\n<meta name=\"robots\" content=\"index, follow, max-snippet:-1, max-image-preview:large, max-video-preview:-1\" \/>\n<link rel=\"canonical\" href=\"https:\/\/kanasaka-maps.net\/es\/boutique\/mapa-topografico-y-guia-de-senderismo-isla-navarino-papel-formato-pdf\/\" \/>\n<meta property=\"og:locale\" content=\"es_ES\" \/>\n<meta property=\"og:type\" content=\"article\" \/>\n<meta property=\"og:title\" content=\"Mapa topogr\u00e1fico y gu\u00eda de senderismo | Isla Navarino | Papel + formato PDF - Kanasaka Maps | Isla Navarino - Chili\" \/>\n<meta property=\"og:description\" content=\"Este pack incluye :La versi\u00f3n en papel del mapa (gastos de env\u00edo no incluidos)La versi\u00f3n digital del mapa (PDF de alta definici\u00f3n)Rutas GPS de los paseos (formato GPX)Informaci\u00f3n t\u00e9cnicaMapa en color de papel resistente al agua y a la rotura (papel de piedra)Formato 50,4 \u00d7 71,41 cm - recto\/versoIdioma espa\u00f1ol8 rutas a pieEscala 1:25000 y 1:18000Acceso gratuito a los tracks GPXCurvas de nivel de 10 mPesca \/ Camping \/ RefugioSenderismoDientes de NavarinoLago WindhondCumbre banderaLaguna MakuLaguna AlinghiLa castoreaPromenade de la c\u00f4teCerro CaranchoIdiomaEspagnolEspecificacionesVersi\u00f3n 2Fecha del mapa: Enero 2023Proyecci\u00f3n Pseudo Mercator \/ WGS 84Mapa base: OpenStreetMap.orgContornos y sombreado: OpenSnowMap.orgInformaci\u00f3n del terreno: im\u00e1genes a\u00e9reas y de sat\u00e9lite de NASA\/CNES\/AirbusLas tarjetas en papel pueden enviarse a estos pa\u00edsesAlemania, Austria, B\u00e9lgica, Bulgaria, Chipre, Croacia, Dinamarca, Eslovaquia, Eslovenia, Espa\u00f1a, Estonia, Finlandia, Francia, Grecia, Hungr\u00eda, Irlanda, Italia, Letonia, Lituania, Luxemburgo, Malta, Pa\u00edses Bajos, Polonia, Portugal, Rep\u00fablica Checa, Ruman\u00eda y Suecia.\u00bfNo es usted uno de esos pa\u00edses?Puede adquirir una versi\u00f3n PDF del mapa\" \/>\n<meta property=\"og:url\" content=\"https:\/\/kanasaka-maps.net\/es\/boutique\/mapa-topografico-y-guia-de-senderismo-isla-navarino-papel-formato-pdf\/\" \/>\n<meta property=\"og:site_name\" content=\"Kanasaka Maps | Isla Navarino - Chili\" \/>\n<meta property=\"article:modified_time\" content=\"2024-04-13T17:05:32+00:00\" \/>\n<meta property=\"og:image\" content=\"https:\/\/kanasaka-maps.net\/wp-content\/uploads\/2020\/08\/cover-ES-2.jpg\" \/>\n\t<meta property=\"og:image:width\" content=\"800\" \/>\n\t<meta property=\"og:image:height\" content=\"1109\" \/>\n\t<meta property=\"og:image:type\" content=\"image\/jpeg\" \/>\n<meta name=\"twitter:card\" content=\"summary_large_image\" \/>\n<script type=\"application\/ld+json\" class=\"yoast-schema-graph\">{\"@context\":\"https:\/\/schema.org\",\"@graph\":[{\"@type\":\"WebPage\",\"@id\":\"https:\/\/kanasaka-maps.net\/es\/boutique\/mapa-topografico-y-guia-de-senderismo-isla-navarino-papel-formato-pdf\/\",\"url\":\"https:\/\/kanasaka-maps.net\/es\/boutique\/mapa-topografico-y-guia-de-senderismo-isla-navarino-papel-formato-pdf\/\",\"name\":\"Mapa topogr\u00e1fico y gu\u00eda de senderismo | Isla Navarino | Papel + formato PDF - Kanasaka Maps | Isla Navarino - Chili\",\"isPartOf\":{\"@id\":\"https:\/\/kanasaka-maps.net\/es\/#website\"},\"primaryImageOfPage\":{\"@id\":\"https:\/\/kanasaka-maps.net\/es\/boutique\/mapa-topografico-y-guia-de-senderismo-isla-navarino-papel-formato-pdf\/#primaryimage\"},\"image\":{\"@id\":\"https:\/\/kanasaka-maps.net\/es\/boutique\/mapa-topografico-y-guia-de-senderismo-isla-navarino-papel-formato-pdf\/#primaryimage\"},\"thumbnailUrl\":\"https:\/\/kanasaka-maps.net\/wp-content\/uploads\/2020\/08\/cover-ES-2.jpg\",\"datePublished\":\"2023-07-27T12:24:48+00:00\",\"dateModified\":\"2024-04-13T17:05:32+00:00\",\"breadcrumb\":{\"@id\":\"https:\/\/kanasaka-maps.net\/es\/boutique\/mapa-topografico-y-guia-de-senderismo-isla-navarino-papel-formato-pdf\/#breadcrumb\"},\"inLanguage\":\"es\",\"potentialAction\":[{\"@type\":\"ReadAction\",\"target\":[\"https:\/\/kanasaka-maps.net\/es\/boutique\/mapa-topografico-y-guia-de-senderismo-isla-navarino-papel-formato-pdf\/\"]}]},{\"@type\":\"ImageObject\",\"inLanguage\":\"es\",\"@id\":\"https:\/\/kanasaka-maps.net\/es\/boutique\/mapa-topografico-y-guia-de-senderismo-isla-navarino-papel-formato-pdf\/#primaryimage\",\"url\":\"https:\/\/kanasaka-maps.net\/wp-content\/uploads\/2020\/08\/cover-ES-2.jpg\",\"contentUrl\":\"https:\/\/kanasaka-maps.net\/wp-content\/uploads\/2020\/08\/cover-ES-2.jpg\",\"width\":800,\"height\":1109},{\"@type\":\"BreadcrumbList\",\"@id\":\"https:\/\/kanasaka-maps.net\/es\/boutique\/mapa-topografico-y-guia-de-senderismo-isla-navarino-papel-formato-pdf\/#breadcrumb\",\"itemListElement\":[{\"@type\":\"ListItem\",\"position\":1,\"name\":\"Accueil\",\"item\":\"https:\/\/kanasaka-maps.net\/es\/\"},{\"@type\":\"ListItem\",\"position\":2,\"name\":\"Tienda\",\"item\":\"https:\/\/kanasaka-maps.net\/es\/tienda\/\"},{\"@type\":\"ListItem\",\"position\":3,\"name\":\"Mapa topogr\u00e1fico y gu\u00eda de senderismo | Isla Navarino | Papel + formato PDF\"}]},{\"@type\":\"WebSite\",\"@id\":\"https:\/\/kanasaka-maps.net\/es\/#website\",\"url\":\"https:\/\/kanasaka-maps.net\/es\/\",\"name\":\"Kanasaka Maps | Isla Navarino - Chili\",\"description\":\"Cartes et randonn\u00e9es | Isla Navarino - Chili - Dientes de Navarino\",\"publisher\":{\"@id\":\"https:\/\/kanasaka-maps.net\/es\/#organization\"},\"potentialAction\":[{\"@type\":\"SearchAction\",\"target\":{\"@type\":\"EntryPoint\",\"urlTemplate\":\"https:\/\/kanasaka-maps.net\/es\/?s={search_term_string}\"},\"query-input\":{\"@type\":\"PropertyValueSpecification\",\"valueRequired\":true,\"valueName\":\"search_term_string\"}}],\"inLanguage\":\"es\"},{\"@type\":\"Organization\",\"@id\":\"https:\/\/kanasaka-maps.net\/es\/#organization\",\"name\":\"Kanasaka Maps\",\"url\":\"https:\/\/kanasaka-maps.net\/es\/\",\"logo\":{\"@type\":\"ImageObject\",\"inLanguage\":\"es\",\"@id\":\"https:\/\/kanasaka-maps.net\/es\/#\/schema\/logo\/image\/\",\"url\":\"https:\/\/kanasaka-maps.net\/wp-content\/uploads\/2020\/06\/kanasaka-logo.jpg\",\"contentUrl\":\"https:\/\/kanasaka-maps.net\/wp-content\/uploads\/2020\/06\/kanasaka-logo.jpg\",\"width\":505,\"height\":153,\"caption\":\"Kanasaka Maps\"},\"image\":{\"@id\":\"https:\/\/kanasaka-maps.net\/es\/#\/schema\/logo\/image\/\"}}]}<\/script>\n<!-- \/ Yoast SEO plugin. -->","yoast_head_json":{"title":"Mapa topogr\u00e1fico y gu\u00eda de senderismo | Isla Navarino | Papel + formato PDF - Kanasaka Maps | Isla Navarino - Chili","robots":{"index":"index","follow":"follow","max-snippet":"max-snippet:-1","max-image-preview":"max-image-preview:large","max-video-preview":"max-video-preview:-1"},"canonical":"https:\/\/kanasaka-maps.net\/es\/boutique\/mapa-topografico-y-guia-de-senderismo-isla-navarino-papel-formato-pdf\/","og_locale":"es_ES","og_type":"article","og_title":"Mapa topogr\u00e1fico y gu\u00eda de senderismo | Isla Navarino | Papel + formato PDF - Kanasaka Maps | Isla Navarino - Chili","og_description":"Este pack incluye :La versi\u00f3n en papel del mapa (gastos de env\u00edo no incluidos)La versi\u00f3n digital del mapa (PDF de alta definici\u00f3n)Rutas GPS de los paseos (formato GPX)Informaci\u00f3n t\u00e9cnicaMapa en color de papel resistente al agua y a la rotura (papel de piedra)Formato 50,4 \u00d7 71,41 cm - recto\/versoIdioma espa\u00f1ol8 rutas a pieEscala 1:25000 y 1:18000Acceso gratuito a los tracks GPXCurvas de nivel de 10 mPesca \/ Camping \/ RefugioSenderismoDientes de NavarinoLago WindhondCumbre banderaLaguna MakuLaguna AlinghiLa castoreaPromenade de la c\u00f4teCerro CaranchoIdiomaEspagnolEspecificacionesVersi\u00f3n 2Fecha del mapa: Enero 2023Proyecci\u00f3n Pseudo Mercator \/ WGS 84Mapa base: OpenStreetMap.orgContornos y sombreado: OpenSnowMap.orgInformaci\u00f3n del terreno: im\u00e1genes a\u00e9reas y de sat\u00e9lite de NASA\/CNES\/AirbusLas tarjetas en papel pueden enviarse a estos pa\u00edsesAlemania, Austria, B\u00e9lgica, Bulgaria, Chipre, Croacia, Dinamarca, Eslovaquia, Eslovenia, Espa\u00f1a, Estonia, Finlandia, Francia, Grecia, Hungr\u00eda, Irlanda, Italia, Letonia, Lituania, Luxemburgo, Malta, Pa\u00edses Bajos, Polonia, Portugal, Rep\u00fablica Checa, Ruman\u00eda y Suecia.\u00bfNo es usted uno de esos pa\u00edses?Puede adquirir una versi\u00f3n PDF del mapa","og_url":"https:\/\/kanasaka-maps.net\/es\/boutique\/mapa-topografico-y-guia-de-senderismo-isla-navarino-papel-formato-pdf\/","og_site_name":"Kanasaka Maps | Isla Navarino - Chili","article_modified_time":"2024-04-13T17:05:32+00:00","og_image":[{"width":800,"height":1109,"url":"https:\/\/kanasaka-maps.net\/wp-content\/uploads\/2020\/08\/cover-ES-2.jpg","type":"image\/jpeg"}],"twitter_card":"summary_large_image","schema":{"@context":"https:\/\/schema.org","@graph":[{"@type":"WebPage","@id":"https:\/\/kanasaka-maps.net\/es\/boutique\/mapa-topografico-y-guia-de-senderismo-isla-navarino-papel-formato-pdf\/","url":"https:\/\/kanasaka-maps.net\/es\/boutique\/mapa-topografico-y-guia-de-senderismo-isla-navarino-papel-formato-pdf\/","name":"Mapa topogr\u00e1fico y gu\u00eda de senderismo | Isla Navarino | Papel + formato PDF - Kanasaka Maps | Isla Navarino - Chili","isPartOf":{"@id":"https:\/\/kanasaka-maps.net\/es\/#website"},"primaryImageOfPage":{"@id":"https:\/\/kanasaka-maps.net\/es\/boutique\/mapa-topografico-y-guia-de-senderismo-isla-navarino-papel-formato-pdf\/#primaryimage"},"image":{"@id":"https:\/\/kanasaka-maps.net\/es\/boutique\/mapa-topografico-y-guia-de-senderismo-isla-navarino-papel-formato-pdf\/#primaryimage"},"thumbnailUrl":"https:\/\/kanasaka-maps.net\/wp-content\/uploads\/2020\/08\/cover-ES-2.jpg","datePublished":"2023-07-27T12:24:48+00:00","dateModified":"2024-04-13T17:05:32+00:00","breadcrumb":{"@id":"https:\/\/kanasaka-maps.net\/es\/boutique\/mapa-topografico-y-guia-de-senderismo-isla-navarino-papel-formato-pdf\/#breadcrumb"},"inLanguage":"es","potentialAction":[{"@type":"ReadAction","target":["https:\/\/kanasaka-maps.net\/es\/boutique\/mapa-topografico-y-guia-de-senderismo-isla-navarino-papel-formato-pdf\/"]}]},{"@type":"ImageObject","inLanguage":"es","@id":"https:\/\/kanasaka-maps.net\/es\/boutique\/mapa-topografico-y-guia-de-senderismo-isla-navarino-papel-formato-pdf\/#primaryimage","url":"https:\/\/kanasaka-maps.net\/wp-content\/uploads\/2020\/08\/cover-ES-2.jpg","contentUrl":"https:\/\/kanasaka-maps.net\/wp-content\/uploads\/2020\/08\/cover-ES-2.jpg","width":800,"height":1109},{"@type":"BreadcrumbList","@id":"https:\/\/kanasaka-maps.net\/es\/boutique\/mapa-topografico-y-guia-de-senderismo-isla-navarino-papel-formato-pdf\/#breadcrumb","itemListElement":[{"@type":"ListItem","position":1,"name":"Accueil","item":"https:\/\/kanasaka-maps.net\/es\/"},{"@type":"ListItem","position":2,"name":"Tienda","item":"https:\/\/kanasaka-maps.net\/es\/tienda\/"},{"@type":"ListItem","position":3,"name":"Mapa topogr\u00e1fico y gu\u00eda de senderismo | Isla Navarino | Papel + formato PDF"}]},{"@type":"WebSite","@id":"https:\/\/kanasaka-maps.net\/es\/#website","url":"https:\/\/kanasaka-maps.net\/es\/","name":"Kanasaka Maps | Isla Navarino - Chili","description":"Cartes et randonn\u00e9es | Isla Navarino - Chili - Dientes de Navarino","publisher":{"@id":"https:\/\/kanasaka-maps.net\/es\/#organization"},"potentialAction":[{"@type":"SearchAction","target":{"@type":"EntryPoint","urlTemplate":"https:\/\/kanasaka-maps.net\/es\/?s={search_term_string}"},"query-input":{"@type":"PropertyValueSpecification","valueRequired":true,"valueName":"search_term_string"}}],"inLanguage":"es"},{"@type":"Organization","@id":"https:\/\/kanasaka-maps.net\/es\/#organization","name":"Kanasaka Maps","url":"https:\/\/kanasaka-maps.net\/es\/","logo":{"@type":"ImageObject","inLanguage":"es","@id":"https:\/\/kanasaka-maps.net\/es\/#\/schema\/logo\/image\/","url":"https:\/\/kanasaka-maps.net\/wp-content\/uploads\/2020\/06\/kanasaka-logo.jpg","contentUrl":"https:\/\/kanasaka-maps.net\/wp-content\/uploads\/2020\/06\/kanasaka-logo.jpg","width":505,"height":153,"caption":"Kanasaka Maps"},"image":{"@id":"https:\/\/kanasaka-maps.net\/es\/#\/schema\/logo\/image\/"}}]}},"_links":{"self":[{"href":"https:\/\/kanasaka-maps.net\/es\/wp-json\/wp\/v2\/product\/2441","targetHints":{"allow":["GET"]}}],"collection":[{"href":"https:\/\/kanasaka-maps.net\/es\/wp-json\/wp\/v2\/product"}],"about":[{"href":"https:\/\/kanasaka-maps.net\/es\/wp-json\/wp\/v2\/types\/product"}],"wp:featuredmedia":[{"embeddable":true,"href":"https:\/\/kanasaka-maps.net\/es\/wp-json\/wp\/v2\/media\/1102"}],"wp:attachment":[{"href":"https:\/\/kanasaka-maps.net\/es\/wp-json\/wp\/v2\/media?parent=2441"}],"wp:term":[{"taxonomy":"product_cat","embeddable":true,"href":"https:\/\/kanasaka-maps.net\/es\/wp-json\/wp\/v2\/product_cat?post=2441"},{"taxonomy":"product_tag","embeddable":true,"href":"https:\/\/kanasaka-maps.net\/es\/wp-json\/wp\/v2\/product_tag?post=2441"}],"curies":[{"name":"wp","href":"https:\/\/api.w.org\/{rel}","templated":true}]}}