{"id":924,"date":"2020-04-12T14:57:47","date_gmt":"2020-04-12T12:57:47","guid":{"rendered":"https:\/\/kanasaka-maps.net\/le-projet-kanasaka\/"},"modified":"2020-08-23T13:31:16","modified_gmt":"2020-08-23T11:31:16","slug":"el-proyecto-kanasaka","status":"publish","type":"page","link":"https:\/\/kanasaka-maps.net\/es\/el-proyecto-kanasaka\/","title":{"rendered":"El Proyecto Kanasaka"},"content":{"rendered":"<p>El proyecto Kanasaka comenz\u00f3 con una idea tonta entre dos amigos: c\u00f3mo ir a pescar al lago Pilushejan, en la costa sur de la isla, cuando s\u00f3lo se tienen 5 d\u00edas de vida. Para hacerlo, ten\u00edamos que encontrar un nuevo camino y despejarlo. Por supuesto que s\u00f3lo logramos despejar 5 km. Pero disfrutamos de la aventura. Luego marcamos la ruta y encontr\u00f3 un eco positivo tanto con los turistas como con los habitantes de la isla&#8230; ya no estaba.<\/p>\n<h1>Mapa caminos \/ caminatas<\/h1>\n<p>Este trabajo se hace de forma gratuita, por diversi\u00f3n, pero siempre estamos felices de tener ayuda. No dude en contactarnos cuando est\u00e9 en el lugar y si la idea le motiva &gt; <a href=\"mailto:contact@kanasaka-maps.net\">contact@kanasaka-maps.net<\/a><\/p>\n<p>Hasta la fecha, se han mapa dos senderos, la Laguna Maku y el Cerro Carancho. Estas dos cortas caminatas satisfacen una importante demanda de los turistas. Facilitan el descubrimiento de los paisajes de Navarino a las personas que no est\u00e1n equipadas o no desean acampar. Tambi\u00e9n ofrecen bonitos paseos si quieres pasar m\u00e1s tiempo en la isla.<\/p>\n<p>Se est\u00e1n preparando senderos m\u00e1s ambiciosos para el verano de 2020-21, incluyendo la extensi\u00f3n de Maku para unirse al circuito de Dientes en la Laguna Martillo. Pero tambi\u00e9n hay senderos en la parte este de la isla hasta el Lago Pollollo, un lugar de pesca excepcional.<\/p>\n<h1>Crear mapas<\/h1>\n<p>Un mapa topogr\u00e1fico digno de ese nombre fue muy extra\u00f1ado por los excursionistas. El que pudimos encontrar no era lo suficientemente preciso o demasiado antiguo para permitirnos descubrir serenamente la belleza de la isla. As\u00ed que trabajamos para llenar este vac\u00edo aprovechando al m\u00e1ximo nuestra experiencia en el campo. As\u00ed es como el primer mapa de senderismo de la isla naci\u00f3 en 2020.<\/p>\n<h1>Sugerir informaci\u00f3n<\/h1>\n<p>Nos gustar\u00eda centralizar informaci\u00f3n \u00fatil para cualquiera que desee descubrir a Navarino. As\u00ed como para dar a conocer las iniciativas locales, las noticias, el patrimonio y la cultura de la isla.<\/p>\n","protected":false},"excerpt":{"rendered":"<p>El proyecto Kanasaka comenz\u00f3 con una idea tonta entre dos amigos: c\u00f3mo ir a pescar al lago Pilushejan, en la costa sur de la isla, cuando s\u00f3lo se tienen 5 d\u00edas de vida. Para hacerlo, ten\u00edamos que encontrar un nuevo camino y despejarlo. Por supuesto que s\u00f3lo logramos despejar 5 km. Pero disfrutamos de la [&hellip;]<\/p>\n","protected":false},"author":1,"featured_media":0,"parent":0,"menu_order":0,"comment_status":"closed","ping_status":"closed","template":"template-fullwidth.php","meta":{"_acf_changed":false,"footnotes":""},"class_list":["post-924","page","type-page","status-publish","hentry"],"acf":[],"yoast_head":"<!-- This site is optimized with the Yoast SEO plugin v23.9 - https:\/\/yoast.com\/wordpress\/plugins\/seo\/ -->\n<title>El Proyecto Kanasaka - Kanasaka Maps | Isla Navarino - Chili<\/title>\n<meta name=\"description\" content=\"Un proyecto participativo | Abriendo rutas de senderismo | Creando mapas | Proponiendo informaci\u00f3n\" \/>\n<meta name=\"robots\" content=\"index, follow, max-snippet:-1, max-image-preview:large, max-video-preview:-1\" \/>\n<link rel=\"canonical\" href=\"https:\/\/kanasaka-maps.net\/es\/el-proyecto-kanasaka\/\" \/>\n<meta property=\"og:locale\" content=\"es_ES\" \/>\n<meta property=\"og:type\" content=\"article\" \/>\n<meta property=\"og:title\" content=\"El Proyecto Kanasaka - Kanasaka Maps | Isla Navarino - Chili\" \/>\n<meta property=\"og:description\" content=\"Un proyecto participativo | Abriendo rutas de senderismo | Creando mapas | Proponiendo informaci\u00f3n\" \/>\n<meta property=\"og:url\" content=\"https:\/\/kanasaka-maps.net\/es\/el-proyecto-kanasaka\/\" \/>\n<meta property=\"og:site_name\" content=\"Kanasaka Maps | Isla Navarino - Chili\" \/>\n<meta property=\"article:modified_time\" content=\"2020-08-23T11:31:16+00:00\" \/>\n<meta name=\"twitter:card\" content=\"summary_large_image\" \/>\n<meta name=\"twitter:label1\" content=\"Tiempo de lectura\" \/>\n\t<meta name=\"twitter:data1\" content=\"2 minutos\" \/>\n<script type=\"application\/ld+json\" class=\"yoast-schema-graph\">{\"@context\":\"https:\/\/schema.org\",\"@graph\":[{\"@type\":\"WebPage\",\"@id\":\"https:\/\/kanasaka-maps.net\/es\/el-proyecto-kanasaka\/\",\"url\":\"https:\/\/kanasaka-maps.net\/es\/el-proyecto-kanasaka\/\",\"name\":\"El Proyecto Kanasaka - Kanasaka Maps | Isla Navarino - Chili\",\"isPartOf\":{\"@id\":\"https:\/\/kanasaka-maps.net\/es\/#website\"},\"datePublished\":\"2020-04-12T12:57:47+00:00\",\"dateModified\":\"2020-08-23T11:31:16+00:00\",\"description\":\"Un proyecto participativo | Abriendo rutas de senderismo | Creando mapas | Proponiendo informaci\u00f3n\",\"breadcrumb\":{\"@id\":\"https:\/\/kanasaka-maps.net\/es\/el-proyecto-kanasaka\/#breadcrumb\"},\"inLanguage\":\"es\",\"potentialAction\":[{\"@type\":\"ReadAction\",\"target\":[\"https:\/\/kanasaka-maps.net\/es\/el-proyecto-kanasaka\/\"]}]},{\"@type\":\"BreadcrumbList\",\"@id\":\"https:\/\/kanasaka-maps.net\/es\/el-proyecto-kanasaka\/#breadcrumb\",\"itemListElement\":[{\"@type\":\"ListItem\",\"position\":1,\"name\":\"Accueil\",\"item\":\"https:\/\/kanasaka-maps.net\/es\/\"},{\"@type\":\"ListItem\",\"position\":2,\"name\":\"El Proyecto Kanasaka\"}]},{\"@type\":\"WebSite\",\"@id\":\"https:\/\/kanasaka-maps.net\/es\/#website\",\"url\":\"https:\/\/kanasaka-maps.net\/es\/\",\"name\":\"Kanasaka Maps | Isla Navarino - Chili\",\"description\":\"Cartes et randonn\u00e9es | Isla Navarino - Chili - Dientes de Navarino\",\"publisher\":{\"@id\":\"https:\/\/kanasaka-maps.net\/es\/#organization\"},\"potentialAction\":[{\"@type\":\"SearchAction\",\"target\":{\"@type\":\"EntryPoint\",\"urlTemplate\":\"https:\/\/kanasaka-maps.net\/es\/?s={search_term_string}\"},\"query-input\":{\"@type\":\"PropertyValueSpecification\",\"valueRequired\":true,\"valueName\":\"search_term_string\"}}],\"inLanguage\":\"es\"},{\"@type\":\"Organization\",\"@id\":\"https:\/\/kanasaka-maps.net\/es\/#organization\",\"name\":\"Kanasaka Maps\",\"url\":\"https:\/\/kanasaka-maps.net\/es\/\",\"logo\":{\"@type\":\"ImageObject\",\"inLanguage\":\"es\",\"@id\":\"https:\/\/kanasaka-maps.net\/es\/#\/schema\/logo\/image\/\",\"url\":\"https:\/\/kanasaka-maps.net\/wp-content\/uploads\/2020\/06\/kanasaka-logo.jpg\",\"contentUrl\":\"https:\/\/kanasaka-maps.net\/wp-content\/uploads\/2020\/06\/kanasaka-logo.jpg\",\"width\":505,\"height\":153,\"caption\":\"Kanasaka Maps\"},\"image\":{\"@id\":\"https:\/\/kanasaka-maps.net\/es\/#\/schema\/logo\/image\/\"}}]}<\/script>\n<!-- \/ Yoast SEO plugin. -->","yoast_head_json":{"title":"El Proyecto Kanasaka - Kanasaka Maps | Isla Navarino - Chili","description":"Un proyecto participativo | Abriendo rutas de senderismo | Creando mapas | Proponiendo informaci\u00f3n","robots":{"index":"index","follow":"follow","max-snippet":"max-snippet:-1","max-image-preview":"max-image-preview:large","max-video-preview":"max-video-preview:-1"},"canonical":"https:\/\/kanasaka-maps.net\/es\/el-proyecto-kanasaka\/","og_locale":"es_ES","og_type":"article","og_title":"El Proyecto Kanasaka - Kanasaka Maps | Isla Navarino - Chili","og_description":"Un proyecto participativo | Abriendo rutas de senderismo | Creando mapas | Proponiendo informaci\u00f3n","og_url":"https:\/\/kanasaka-maps.net\/es\/el-proyecto-kanasaka\/","og_site_name":"Kanasaka Maps | Isla Navarino - Chili","article_modified_time":"2020-08-23T11:31:16+00:00","twitter_card":"summary_large_image","twitter_misc":{"Tiempo de lectura":"2 minutos"},"schema":{"@context":"https:\/\/schema.org","@graph":[{"@type":"WebPage","@id":"https:\/\/kanasaka-maps.net\/es\/el-proyecto-kanasaka\/","url":"https:\/\/kanasaka-maps.net\/es\/el-proyecto-kanasaka\/","name":"El Proyecto Kanasaka - Kanasaka Maps | Isla Navarino - Chili","isPartOf":{"@id":"https:\/\/kanasaka-maps.net\/es\/#website"},"datePublished":"2020-04-12T12:57:47+00:00","dateModified":"2020-08-23T11:31:16+00:00","description":"Un proyecto participativo | Abriendo rutas de senderismo | Creando mapas | Proponiendo informaci\u00f3n","breadcrumb":{"@id":"https:\/\/kanasaka-maps.net\/es\/el-proyecto-kanasaka\/#breadcrumb"},"inLanguage":"es","potentialAction":[{"@type":"ReadAction","target":["https:\/\/kanasaka-maps.net\/es\/el-proyecto-kanasaka\/"]}]},{"@type":"BreadcrumbList","@id":"https:\/\/kanasaka-maps.net\/es\/el-proyecto-kanasaka\/#breadcrumb","itemListElement":[{"@type":"ListItem","position":1,"name":"Accueil","item":"https:\/\/kanasaka-maps.net\/es\/"},{"@type":"ListItem","position":2,"name":"El Proyecto Kanasaka"}]},{"@type":"WebSite","@id":"https:\/\/kanasaka-maps.net\/es\/#website","url":"https:\/\/kanasaka-maps.net\/es\/","name":"Kanasaka Maps | Isla Navarino - Chili","description":"Cartes et randonn\u00e9es | Isla Navarino - Chili - Dientes de Navarino","publisher":{"@id":"https:\/\/kanasaka-maps.net\/es\/#organization"},"potentialAction":[{"@type":"SearchAction","target":{"@type":"EntryPoint","urlTemplate":"https:\/\/kanasaka-maps.net\/es\/?s={search_term_string}"},"query-input":{"@type":"PropertyValueSpecification","valueRequired":true,"valueName":"search_term_string"}}],"inLanguage":"es"},{"@type":"Organization","@id":"https:\/\/kanasaka-maps.net\/es\/#organization","name":"Kanasaka Maps","url":"https:\/\/kanasaka-maps.net\/es\/","logo":{"@type":"ImageObject","inLanguage":"es","@id":"https:\/\/kanasaka-maps.net\/es\/#\/schema\/logo\/image\/","url":"https:\/\/kanasaka-maps.net\/wp-content\/uploads\/2020\/06\/kanasaka-logo.jpg","contentUrl":"https:\/\/kanasaka-maps.net\/wp-content\/uploads\/2020\/06\/kanasaka-logo.jpg","width":505,"height":153,"caption":"Kanasaka Maps"},"image":{"@id":"https:\/\/kanasaka-maps.net\/es\/#\/schema\/logo\/image\/"}}]}},"_links":{"self":[{"href":"https:\/\/kanasaka-maps.net\/es\/wp-json\/wp\/v2\/pages\/924","targetHints":{"allow":["GET"]}}],"collection":[{"href":"https:\/\/kanasaka-maps.net\/es\/wp-json\/wp\/v2\/pages"}],"about":[{"href":"https:\/\/kanasaka-maps.net\/es\/wp-json\/wp\/v2\/types\/page"}],"author":[{"embeddable":true,"href":"https:\/\/kanasaka-maps.net\/es\/wp-json\/wp\/v2\/users\/1"}],"replies":[{"embeddable":true,"href":"https:\/\/kanasaka-maps.net\/es\/wp-json\/wp\/v2\/comments?post=924"}],"version-history":[{"count":0,"href":"https:\/\/kanasaka-maps.net\/es\/wp-json\/wp\/v2\/pages\/924\/revisions"}],"wp:attachment":[{"href":"https:\/\/kanasaka-maps.net\/es\/wp-json\/wp\/v2\/media?parent=924"}],"curies":[{"name":"wp","href":"https:\/\/api.w.org\/{rel}","templated":true}]}}