{"id":1061,"date":"2020-04-12T14:56:46","date_gmt":"2020-04-12T12:56:46","guid":{"rendered":"https:\/\/kanasaka-maps.net\/contact\/"},"modified":"2020-08-12T14:07:35","modified_gmt":"2020-08-12T12:07:35","slug":"contact","status":"publish","type":"page","link":"https:\/\/kanasaka-maps.net\/es\/contact\/","title":{"rendered":"Contact"},"content":{"rendered":"<p>\u00bfLe gustar\u00eda contactarnos?<\/p>\n<p>Env\u00edenos un correo electr\u00f3nico a <a href=\"mailto:contact@kanasaka-maps.net\">contact@kanasaka-maps.net<\/a><\/p>\n","protected":false},"excerpt":{"rendered":"<p>\u00bfLe gustar\u00eda contactarnos? Env\u00edenos un correo electr\u00f3nico a contact@kanasaka-maps.net<\/p>\n","protected":false},"author":1,"featured_media":0,"parent":0,"menu_order":0,"comment_status":"closed","ping_status":"closed","template":"","meta":{"_acf_changed":false,"footnotes":""},"class_list":["post-1061","page","type-page","status-publish","hentry"],"acf":[],"yoast_head":"<!-- This site is optimized with the Yoast SEO plugin v23.9 - https:\/\/yoast.com\/wordpress\/plugins\/seo\/ -->\n<title>Contact - Kanasaka Maps | Isla Navarino - Chili<\/title>\n<meta name=\"robots\" content=\"index, follow, max-snippet:-1, max-image-preview:large, max-video-preview:-1\" \/>\n<link rel=\"canonical\" href=\"https:\/\/kanasaka-maps.net\/es\/contact\/\" \/>\n<meta property=\"og:locale\" content=\"es_ES\" \/>\n<meta property=\"og:type\" content=\"article\" \/>\n<meta property=\"og:title\" content=\"Contact - Kanasaka Maps | Isla Navarino - Chili\" \/>\n<meta property=\"og:description\" content=\"\u00bfLe gustar\u00eda contactarnos? Env\u00edenos un correo electr\u00f3nico a contact@kanasaka-maps.net\" \/>\n<meta property=\"og:url\" content=\"https:\/\/kanasaka-maps.net\/es\/contact\/\" \/>\n<meta property=\"og:site_name\" content=\"Kanasaka Maps | Isla Navarino - Chili\" \/>\n<meta property=\"article:modified_time\" content=\"2020-08-12T12:07:35+00:00\" \/>\n<meta name=\"twitter:card\" content=\"summary_large_image\" \/>\n<script type=\"application\/ld+json\" class=\"yoast-schema-graph\">{\"@context\":\"https:\/\/schema.org\",\"@graph\":[{\"@type\":\"WebPage\",\"@id\":\"https:\/\/kanasaka-maps.net\/es\/contact\/\",\"url\":\"https:\/\/kanasaka-maps.net\/es\/contact\/\",\"name\":\"Contact - Kanasaka Maps | Isla Navarino - Chili\",\"isPartOf\":{\"@id\":\"https:\/\/kanasaka-maps.net\/es\/#website\"},\"datePublished\":\"2020-04-12T12:56:46+00:00\",\"dateModified\":\"2020-08-12T12:07:35+00:00\",\"breadcrumb\":{\"@id\":\"https:\/\/kanasaka-maps.net\/es\/contact\/#breadcrumb\"},\"inLanguage\":\"es\",\"potentialAction\":[{\"@type\":\"ReadAction\",\"target\":[\"https:\/\/kanasaka-maps.net\/es\/contact\/\"]}]},{\"@type\":\"BreadcrumbList\",\"@id\":\"https:\/\/kanasaka-maps.net\/es\/contact\/#breadcrumb\",\"itemListElement\":[{\"@type\":\"ListItem\",\"position\":1,\"name\":\"Accueil\",\"item\":\"https:\/\/kanasaka-maps.net\/es\/\"},{\"@type\":\"ListItem\",\"position\":2,\"name\":\"Contact\"}]},{\"@type\":\"WebSite\",\"@id\":\"https:\/\/kanasaka-maps.net\/es\/#website\",\"url\":\"https:\/\/kanasaka-maps.net\/es\/\",\"name\":\"Kanasaka Maps | Isla Navarino - Chili\",\"description\":\"Cartes et randonn\u00e9es | Isla Navarino - Chili - Dientes de Navarino\",\"publisher\":{\"@id\":\"https:\/\/kanasaka-maps.net\/es\/#organization\"},\"potentialAction\":[{\"@type\":\"SearchAction\",\"target\":{\"@type\":\"EntryPoint\",\"urlTemplate\":\"https:\/\/kanasaka-maps.net\/es\/?s={search_term_string}\"},\"query-input\":{\"@type\":\"PropertyValueSpecification\",\"valueRequired\":true,\"valueName\":\"search_term_string\"}}],\"inLanguage\":\"es\"},{\"@type\":\"Organization\",\"@id\":\"https:\/\/kanasaka-maps.net\/es\/#organization\",\"name\":\"Kanasaka Maps\",\"url\":\"https:\/\/kanasaka-maps.net\/es\/\",\"logo\":{\"@type\":\"ImageObject\",\"inLanguage\":\"es\",\"@id\":\"https:\/\/kanasaka-maps.net\/es\/#\/schema\/logo\/image\/\",\"url\":\"https:\/\/kanasaka-maps.net\/wp-content\/uploads\/2020\/06\/kanasaka-logo.jpg\",\"contentUrl\":\"https:\/\/kanasaka-maps.net\/wp-content\/uploads\/2020\/06\/kanasaka-logo.jpg\",\"width\":505,\"height\":153,\"caption\":\"Kanasaka Maps\"},\"image\":{\"@id\":\"https:\/\/kanasaka-maps.net\/es\/#\/schema\/logo\/image\/\"}}]}<\/script>\n<!-- \/ Yoast SEO plugin. -->","yoast_head_json":{"title":"Contact - Kanasaka Maps | Isla Navarino - Chili","robots":{"index":"index","follow":"follow","max-snippet":"max-snippet:-1","max-image-preview":"max-image-preview:large","max-video-preview":"max-video-preview:-1"},"canonical":"https:\/\/kanasaka-maps.net\/es\/contact\/","og_locale":"es_ES","og_type":"article","og_title":"Contact - Kanasaka Maps | Isla Navarino - Chili","og_description":"\u00bfLe gustar\u00eda contactarnos? Env\u00edenos un correo electr\u00f3nico a contact@kanasaka-maps.net","og_url":"https:\/\/kanasaka-maps.net\/es\/contact\/","og_site_name":"Kanasaka Maps | Isla Navarino - Chili","article_modified_time":"2020-08-12T12:07:35+00:00","twitter_card":"summary_large_image","schema":{"@context":"https:\/\/schema.org","@graph":[{"@type":"WebPage","@id":"https:\/\/kanasaka-maps.net\/es\/contact\/","url":"https:\/\/kanasaka-maps.net\/es\/contact\/","name":"Contact - Kanasaka Maps | Isla Navarino - Chili","isPartOf":{"@id":"https:\/\/kanasaka-maps.net\/es\/#website"},"datePublished":"2020-04-12T12:56:46+00:00","dateModified":"2020-08-12T12:07:35+00:00","breadcrumb":{"@id":"https:\/\/kanasaka-maps.net\/es\/contact\/#breadcrumb"},"inLanguage":"es","potentialAction":[{"@type":"ReadAction","target":["https:\/\/kanasaka-maps.net\/es\/contact\/"]}]},{"@type":"BreadcrumbList","@id":"https:\/\/kanasaka-maps.net\/es\/contact\/#breadcrumb","itemListElement":[{"@type":"ListItem","position":1,"name":"Accueil","item":"https:\/\/kanasaka-maps.net\/es\/"},{"@type":"ListItem","position":2,"name":"Contact"}]},{"@type":"WebSite","@id":"https:\/\/kanasaka-maps.net\/es\/#website","url":"https:\/\/kanasaka-maps.net\/es\/","name":"Kanasaka Maps | Isla Navarino - Chili","description":"Cartes et randonn\u00e9es | Isla Navarino - Chili - Dientes de Navarino","publisher":{"@id":"https:\/\/kanasaka-maps.net\/es\/#organization"},"potentialAction":[{"@type":"SearchAction","target":{"@type":"EntryPoint","urlTemplate":"https:\/\/kanasaka-maps.net\/es\/?s={search_term_string}"},"query-input":{"@type":"PropertyValueSpecification","valueRequired":true,"valueName":"search_term_string"}}],"inLanguage":"es"},{"@type":"Organization","@id":"https:\/\/kanasaka-maps.net\/es\/#organization","name":"Kanasaka Maps","url":"https:\/\/kanasaka-maps.net\/es\/","logo":{"@type":"ImageObject","inLanguage":"es","@id":"https:\/\/kanasaka-maps.net\/es\/#\/schema\/logo\/image\/","url":"https:\/\/kanasaka-maps.net\/wp-content\/uploads\/2020\/06\/kanasaka-logo.jpg","contentUrl":"https:\/\/kanasaka-maps.net\/wp-content\/uploads\/2020\/06\/kanasaka-logo.jpg","width":505,"height":153,"caption":"Kanasaka Maps"},"image":{"@id":"https:\/\/kanasaka-maps.net\/es\/#\/schema\/logo\/image\/"}}]}},"_links":{"self":[{"href":"https:\/\/kanasaka-maps.net\/es\/wp-json\/wp\/v2\/pages\/1061","targetHints":{"allow":["GET"]}}],"collection":[{"href":"https:\/\/kanasaka-maps.net\/es\/wp-json\/wp\/v2\/pages"}],"about":[{"href":"https:\/\/kanasaka-maps.net\/es\/wp-json\/wp\/v2\/types\/page"}],"author":[{"embeddable":true,"href":"https:\/\/kanasaka-maps.net\/es\/wp-json\/wp\/v2\/users\/1"}],"replies":[{"embeddable":true,"href":"https:\/\/kanasaka-maps.net\/es\/wp-json\/wp\/v2\/comments?post=1061"}],"version-history":[{"count":0,"href":"https:\/\/kanasaka-maps.net\/es\/wp-json\/wp\/v2\/pages\/1061\/revisions"}],"wp:attachment":[{"href":"https:\/\/kanasaka-maps.net\/es\/wp-json\/wp\/v2\/media?parent=1061"}],"curies":[{"name":"wp","href":"https:\/\/api.w.org\/{rel}","templated":true}]}}