{"id":1050,"date":"2020-04-12T14:56:35","date_gmt":"2020-04-12T12:56:35","guid":{"rendered":"https:\/\/kanasaka-maps.net\/mentions-legales\/"},"modified":"2020-08-12T14:09:59","modified_gmt":"2020-08-12T12:09:59","slug":"aviso-legal","status":"publish","type":"page","link":"https:\/\/kanasaka-maps.net\/es\/aviso-legal\/","title":{"rendered":"Aviso legal"},"content":{"rendered":"<p>Editor del sitio :<\/p>\n<p>MICROSCOPULO<\/p>\n<p>Director de redacci\u00f3n: Jean Puibaraud<\/p>\n<p>67b rue de Coulmiers 44000 Nantes Francia<\/p>\n<p>Correo electr\u00f3nico: contact@microscopule.com<\/p>\n<p>P\u00e1gina web: <a href=\"http:\/\/www.microscopule.com\">www.microscopule.com<\/a><\/p>\n<p>Alojamiento :<\/p>\n<p>1&amp;1 IONOS SARL<\/p>\n<p>&nbsp;<\/p>\n<p>Desarrollo :<\/p>\n<p>MICROSCOPULA<\/p>\n<p>Direcci\u00f3n: 67b rue de Coulmiers 44000 Nantes France<\/p>\n<p>P\u00e1gina web: <a href=\"http:\/\/www.microscopule.com\">www.microscopule.com<\/a><\/p>\n<p>Galletas: El sitio kanasaka-maps.net puede pedirle que acepte cookies con fines estad\u00edsticos y de visualizaci\u00f3n. Una cookie es una pieza de informaci\u00f3n depositada en su disco duro por el servidor del sitio que est\u00e1 visitando. Contiene varios datos que se almacenan en su computadora en un simple archivo de texto al que un servidor accede para leer y registrar informaci\u00f3n. Algunas partes de este sitio no pueden ser funcionales sin aceptar cookies.<\/p>\n<p>&nbsp;<\/p>\n<p>MICROSCOPULE se esfuerza por proporcionar en el sitio kanasaka-maps.net informaci\u00f3n lo m\u00e1s precisa posible. La informaci\u00f3n del sitio kanasaka-maps.net no es exhaustiva y las fotos no son contractuales. Se dan sujetos a las modificaciones que se han hecho desde que se pusieron en l\u00ednea. Adem\u00e1s, toda la informaci\u00f3n indicada en el sitio kanasaka-maps.net se da a t\u00edtulo indicativo y puede cambiar o evolucionar sin previo aviso.<\/p>\n<p>Cualquier contenido descargado se hace bajo el riesgo del usuario y bajo su \u00fanica responsabilidad. Por consiguiente, no se puede considerar responsable de ning\u00fan da\u00f1o a la computadora del usuario ni de ninguna p\u00e9rdida de datos resultante de la descarga. Adem\u00e1s, el usuario del sitio se compromete a acceder al mismo utilizando un equipo reciente, libre de virus y con un navegador actualizado de \u00faltima generaci\u00f3n.<\/p>\n<p>Propiedad intelectual :<\/p>\n<p>Todo el contenido del presente sitio kanasaka-maps.net, incluyendo, pero no limitado a, gr\u00e1ficos, im\u00e1genes, textos, videos, animaciones, sonidos, logotipos, gifs e iconos, as\u00ed como su formato, son propiedad exclusiva de la empresa, con excepci\u00f3n de las marcas, logotipos o contenidos que pertenecen a otras empresas asociadas o autores.<\/p>\n<p>Toda reproducci\u00f3n, distribuci\u00f3n, modificaci\u00f3n, adaptaci\u00f3n, retransmisi\u00f3n o publicaci\u00f3n, incluso parcial, de estos diversos elementos est\u00e1 estrictamente prohibida sin el consentimiento expreso y por escrito de MICROSCOPULE. Esta representaci\u00f3n o reproducci\u00f3n, por cualquier procedimiento, constituye una infracci\u00f3n sancionada por los art\u00edculos L.335-2 y siguientes del C\u00f3digo de la Propiedad Intelectual. El incumplimiento de esta prohibici\u00f3n constituye una infracci\u00f3n que puede dar lugar a la responsabilidad civil y penal del falsificador. Adem\u00e1s, los propietarios de los contenidos copiados podr\u00edan emprender acciones legales contra usted.<\/p>\n<p>Datos personales :<\/p>\n<p>En general, no es necesario que nos proporcione sus datos personales cuando visite nuestro sitio web kanasaka-maps.net.<\/p>\n<p>Sin embargo, hay algunas excepciones a este principio. De hecho, para ciertos servicios ofrecidos por nuestro sitio, es posible que tenga que comunicarnos ciertos datos como: su nombre, su cargo, el nombre de su empresa, su direcci\u00f3n de correo electr\u00f3nico y su n\u00famero de tel\u00e9fono. Este es el caso cuando se rellena el formulario que se ofrece en l\u00ednea, en la secci\u00f3n \u00abcontacto\u00bb.<\/p>\n<p>En cualquier caso, puede negarse a proporcionar sus datos personales. En este caso, no podr\u00e1 utilizar los servicios del sitio, en particular el de solicitar informaci\u00f3n sobre nuestra empresa, ni recibir boletines informativos.<\/p>\n<p>Por \u00faltimo, es posible que recopilemos autom\u00e1ticamente cierta informaci\u00f3n sobre usted cuando simplemente navega por nuestro sitio web, incluyendo: informaci\u00f3n sobre el uso de nuestro sitio, como las \u00e1reas que visita y los servicios a los que accede, su direcci\u00f3n IP, el tipo de navegador que utiliza y sus tiempos de acceso.<\/p>\n<p>Esa informaci\u00f3n se utiliza exclusivamente para fines estad\u00edsticos internos, con el fin de mejorar la calidad de los servicios que se le ofrecen. Las bases de datos est\u00e1n protegidas por las disposiciones de la Ley de 1\u00ba de julio de 1998 por la que se transpone la Directiva 96\/9, de 11 de marzo de 1996, relativa a la protecci\u00f3n jur\u00eddica de las bases de datos.<\/p>\n","protected":false},"excerpt":{"rendered":"<p>Editor del sitio : MICROSCOPULO Director de redacci\u00f3n: Jean Puibaraud 67b rue de Coulmiers 44000 Nantes Francia Correo electr\u00f3nico: contact@microscopule.com P\u00e1gina web: www.microscopule.com Alojamiento : 1&amp;1 IONOS SARL &nbsp; Desarrollo : MICROSCOPULA Direcci\u00f3n: 67b rue de Coulmiers 44000 Nantes France P\u00e1gina web: www.microscopule.com Galletas: El sitio kanasaka-maps.net puede pedirle que acepte cookies con fines estad\u00edsticos [&hellip;]<\/p>\n","protected":false},"author":1,"featured_media":0,"parent":0,"menu_order":0,"comment_status":"closed","ping_status":"closed","template":"","meta":{"_acf_changed":false,"footnotes":""},"class_list":["post-1050","page","type-page","status-publish","hentry"],"acf":[],"yoast_head":"<!-- This site is optimized with the Yoast SEO plugin v23.9 - https:\/\/yoast.com\/wordpress\/plugins\/seo\/ -->\n<title>Aviso legal - Kanasaka Maps | Isla Navarino - Chili<\/title>\n<meta name=\"robots\" content=\"index, follow, max-snippet:-1, max-image-preview:large, max-video-preview:-1\" \/>\n<link rel=\"canonical\" href=\"https:\/\/kanasaka-maps.net\/es\/aviso-legal\/\" \/>\n<meta property=\"og:locale\" content=\"es_ES\" \/>\n<meta property=\"og:type\" content=\"article\" \/>\n<meta property=\"og:title\" content=\"Aviso legal - Kanasaka Maps | Isla Navarino - Chili\" \/>\n<meta property=\"og:description\" content=\"Editor del sitio : MICROSCOPULO Director de redacci\u00f3n: Jean Puibaraud 67b rue de Coulmiers 44000 Nantes Francia Correo electr\u00f3nico: contact@microscopule.com P\u00e1gina web: www.microscopule.com Alojamiento : 1&amp;1 IONOS SARL &nbsp; Desarrollo : MICROSCOPULA Direcci\u00f3n: 67b rue de Coulmiers 44000 Nantes France P\u00e1gina web: www.microscopule.com Galletas: El sitio kanasaka-maps.net puede pedirle que acepte cookies con fines estad\u00edsticos [&hellip;]\" \/>\n<meta property=\"og:url\" content=\"https:\/\/kanasaka-maps.net\/es\/aviso-legal\/\" \/>\n<meta property=\"og:site_name\" content=\"Kanasaka Maps | Isla Navarino - Chili\" \/>\n<meta property=\"article:modified_time\" content=\"2020-08-12T12:09:59+00:00\" \/>\n<meta name=\"twitter:card\" content=\"summary_large_image\" \/>\n<meta name=\"twitter:label1\" content=\"Tiempo de lectura\" \/>\n\t<meta name=\"twitter:data1\" content=\"3 minutos\" \/>\n<script type=\"application\/ld+json\" class=\"yoast-schema-graph\">{\"@context\":\"https:\/\/schema.org\",\"@graph\":[{\"@type\":\"WebPage\",\"@id\":\"https:\/\/kanasaka-maps.net\/es\/aviso-legal\/\",\"url\":\"https:\/\/kanasaka-maps.net\/es\/aviso-legal\/\",\"name\":\"Aviso legal - Kanasaka Maps | Isla Navarino - Chili\",\"isPartOf\":{\"@id\":\"https:\/\/kanasaka-maps.net\/es\/#website\"},\"datePublished\":\"2020-04-12T12:56:35+00:00\",\"dateModified\":\"2020-08-12T12:09:59+00:00\",\"breadcrumb\":{\"@id\":\"https:\/\/kanasaka-maps.net\/es\/aviso-legal\/#breadcrumb\"},\"inLanguage\":\"es\",\"potentialAction\":[{\"@type\":\"ReadAction\",\"target\":[\"https:\/\/kanasaka-maps.net\/es\/aviso-legal\/\"]}]},{\"@type\":\"BreadcrumbList\",\"@id\":\"https:\/\/kanasaka-maps.net\/es\/aviso-legal\/#breadcrumb\",\"itemListElement\":[{\"@type\":\"ListItem\",\"position\":1,\"name\":\"Accueil\",\"item\":\"https:\/\/kanasaka-maps.net\/es\/\"},{\"@type\":\"ListItem\",\"position\":2,\"name\":\"Aviso legal\"}]},{\"@type\":\"WebSite\",\"@id\":\"https:\/\/kanasaka-maps.net\/es\/#website\",\"url\":\"https:\/\/kanasaka-maps.net\/es\/\",\"name\":\"Kanasaka Maps | Isla Navarino - Chili\",\"description\":\"Cartes et randonn\u00e9es | Isla Navarino - Chili - Dientes de Navarino\",\"publisher\":{\"@id\":\"https:\/\/kanasaka-maps.net\/es\/#organization\"},\"potentialAction\":[{\"@type\":\"SearchAction\",\"target\":{\"@type\":\"EntryPoint\",\"urlTemplate\":\"https:\/\/kanasaka-maps.net\/es\/?s={search_term_string}\"},\"query-input\":{\"@type\":\"PropertyValueSpecification\",\"valueRequired\":true,\"valueName\":\"search_term_string\"}}],\"inLanguage\":\"es\"},{\"@type\":\"Organization\",\"@id\":\"https:\/\/kanasaka-maps.net\/es\/#organization\",\"name\":\"Kanasaka Maps\",\"url\":\"https:\/\/kanasaka-maps.net\/es\/\",\"logo\":{\"@type\":\"ImageObject\",\"inLanguage\":\"es\",\"@id\":\"https:\/\/kanasaka-maps.net\/es\/#\/schema\/logo\/image\/\",\"url\":\"https:\/\/kanasaka-maps.net\/wp-content\/uploads\/2020\/06\/kanasaka-logo.jpg\",\"contentUrl\":\"https:\/\/kanasaka-maps.net\/wp-content\/uploads\/2020\/06\/kanasaka-logo.jpg\",\"width\":505,\"height\":153,\"caption\":\"Kanasaka Maps\"},\"image\":{\"@id\":\"https:\/\/kanasaka-maps.net\/es\/#\/schema\/logo\/image\/\"}}]}<\/script>\n<!-- \/ Yoast SEO plugin. -->","yoast_head_json":{"title":"Aviso legal - Kanasaka Maps | Isla Navarino - Chili","robots":{"index":"index","follow":"follow","max-snippet":"max-snippet:-1","max-image-preview":"max-image-preview:large","max-video-preview":"max-video-preview:-1"},"canonical":"https:\/\/kanasaka-maps.net\/es\/aviso-legal\/","og_locale":"es_ES","og_type":"article","og_title":"Aviso legal - Kanasaka Maps | Isla Navarino - Chili","og_description":"Editor del sitio : MICROSCOPULO Director de redacci\u00f3n: Jean Puibaraud 67b rue de Coulmiers 44000 Nantes Francia Correo electr\u00f3nico: contact@microscopule.com P\u00e1gina web: www.microscopule.com Alojamiento : 1&amp;1 IONOS SARL &nbsp; Desarrollo : MICROSCOPULA Direcci\u00f3n: 67b rue de Coulmiers 44000 Nantes France P\u00e1gina web: www.microscopule.com Galletas: El sitio kanasaka-maps.net puede pedirle que acepte cookies con fines estad\u00edsticos [&hellip;]","og_url":"https:\/\/kanasaka-maps.net\/es\/aviso-legal\/","og_site_name":"Kanasaka Maps | Isla Navarino - Chili","article_modified_time":"2020-08-12T12:09:59+00:00","twitter_card":"summary_large_image","twitter_misc":{"Tiempo de lectura":"3 minutos"},"schema":{"@context":"https:\/\/schema.org","@graph":[{"@type":"WebPage","@id":"https:\/\/kanasaka-maps.net\/es\/aviso-legal\/","url":"https:\/\/kanasaka-maps.net\/es\/aviso-legal\/","name":"Aviso legal - Kanasaka Maps | Isla Navarino - Chili","isPartOf":{"@id":"https:\/\/kanasaka-maps.net\/es\/#website"},"datePublished":"2020-04-12T12:56:35+00:00","dateModified":"2020-08-12T12:09:59+00:00","breadcrumb":{"@id":"https:\/\/kanasaka-maps.net\/es\/aviso-legal\/#breadcrumb"},"inLanguage":"es","potentialAction":[{"@type":"ReadAction","target":["https:\/\/kanasaka-maps.net\/es\/aviso-legal\/"]}]},{"@type":"BreadcrumbList","@id":"https:\/\/kanasaka-maps.net\/es\/aviso-legal\/#breadcrumb","itemListElement":[{"@type":"ListItem","position":1,"name":"Accueil","item":"https:\/\/kanasaka-maps.net\/es\/"},{"@type":"ListItem","position":2,"name":"Aviso legal"}]},{"@type":"WebSite","@id":"https:\/\/kanasaka-maps.net\/es\/#website","url":"https:\/\/kanasaka-maps.net\/es\/","name":"Kanasaka Maps | Isla Navarino - Chili","description":"Cartes et randonn\u00e9es | Isla Navarino - Chili - Dientes de Navarino","publisher":{"@id":"https:\/\/kanasaka-maps.net\/es\/#organization"},"potentialAction":[{"@type":"SearchAction","target":{"@type":"EntryPoint","urlTemplate":"https:\/\/kanasaka-maps.net\/es\/?s={search_term_string}"},"query-input":{"@type":"PropertyValueSpecification","valueRequired":true,"valueName":"search_term_string"}}],"inLanguage":"es"},{"@type":"Organization","@id":"https:\/\/kanasaka-maps.net\/es\/#organization","name":"Kanasaka Maps","url":"https:\/\/kanasaka-maps.net\/es\/","logo":{"@type":"ImageObject","inLanguage":"es","@id":"https:\/\/kanasaka-maps.net\/es\/#\/schema\/logo\/image\/","url":"https:\/\/kanasaka-maps.net\/wp-content\/uploads\/2020\/06\/kanasaka-logo.jpg","contentUrl":"https:\/\/kanasaka-maps.net\/wp-content\/uploads\/2020\/06\/kanasaka-logo.jpg","width":505,"height":153,"caption":"Kanasaka Maps"},"image":{"@id":"https:\/\/kanasaka-maps.net\/es\/#\/schema\/logo\/image\/"}}]}},"_links":{"self":[{"href":"https:\/\/kanasaka-maps.net\/es\/wp-json\/wp\/v2\/pages\/1050","targetHints":{"allow":["GET"]}}],"collection":[{"href":"https:\/\/kanasaka-maps.net\/es\/wp-json\/wp\/v2\/pages"}],"about":[{"href":"https:\/\/kanasaka-maps.net\/es\/wp-json\/wp\/v2\/types\/page"}],"author":[{"embeddable":true,"href":"https:\/\/kanasaka-maps.net\/es\/wp-json\/wp\/v2\/users\/1"}],"replies":[{"embeddable":true,"href":"https:\/\/kanasaka-maps.net\/es\/wp-json\/wp\/v2\/comments?post=1050"}],"version-history":[{"count":0,"href":"https:\/\/kanasaka-maps.net\/es\/wp-json\/wp\/v2\/pages\/1050\/revisions"}],"wp:attachment":[{"href":"https:\/\/kanasaka-maps.net\/es\/wp-json\/wp\/v2\/media?parent=1050"}],"curies":[{"name":"wp","href":"https:\/\/api.w.org\/{rel}","templated":true}]}}